{"id":6,"date":"2008-01-05T15:49:42","date_gmt":"2008-01-05T14:49:42","guid":{"rendered":"http:\/\/blog.radlexpress.de\/?page_id=6"},"modified":"2016-10-26T10:49:50","modified_gmt":"2016-10-26T09:49:50","slug":"organisation","status":"publish","type":"page","link":"https:\/\/www.indoorcycling-marathon.de\/?page_id=6","title":{"rendered":"Kontakt"},"content":{"rendered":"<p>Organisation und Koordination:<\/p>\n<p><a href=\"mailto: info@indoorcycling-marathon.de\">Peter Troidl<\/a><\/p>\n<p>Sponsoring und Spenden:<\/p>\n<p><a href=\"mailto: agnes-baeuerle@t-online.de\">Agnes B\u00e4uerle<\/a><\/p>\n<p>Radbelegungen und Startplatzw\u00fcnsche:<\/p>\n<p><a href=\"mailto: karin@reiwe.net\">Karin Reiwe<\/a><\/p>\n<p>Trainer und Trainereinteilung:<\/p>\n<p><a href=\"mailto:pu.buergel@t-online.de\">Udo B\u00fcrgel<\/a><\/p>\n<p>&nbsp;<\/p>\n","protected":false},"excerpt":{"rendered":"<p>Organisation und Koordination: Peter Troidl Sponsoring und Spenden: Agnes B\u00e4uerle Radbelegungen und Startplatzw\u00fcnsche: Karin Reiwe Trainer und Trainereinteilung: Udo B\u00fcrgel &nbsp;<\/p>\n","protected":false},"author":1,"featured_media":0,"parent":0,"menu_order":0,"comment_status":"open","ping_status":"open","template":"","meta":{"footnotes":""},"_links":{"self":[{"href":"https:\/\/www.indoorcycling-marathon.de\/index.php?rest_route=\/wp\/v2\/pages\/6"}],"collection":[{"href":"https:\/\/www.indoorcycling-marathon.de\/index.php?rest_route=\/wp\/v2\/pages"}],"about":[{"href":"https:\/\/www.indoorcycling-marathon.de\/index.php?rest_route=\/wp\/v2\/types\/page"}],"author":[{"embeddable":true,"href":"https:\/\/www.indoorcycling-marathon.de\/index.php?rest_route=\/wp\/v2\/users\/1"}],"replies":[{"embeddable":true,"href":"https:\/\/www.indoorcycling-marathon.de\/index.php?rest_route=%2Fwp%2Fv2%2Fcomments&post=6"}],"version-history":[{"count":20,"href":"https:\/\/www.indoorcycling-marathon.de\/index.php?rest_route=\/wp\/v2\/pages\/6\/revisions"}],"predecessor-version":[{"id":1681,"href":"https:\/\/www.indoorcycling-marathon.de\/index.php?rest_route=\/wp\/v2\/pages\/6\/revisions\/1681"}],"wp:attachment":[{"href":"https:\/\/www.indoorcycling-marathon.de\/index.php?rest_route=%2Fwp%2Fv2%2Fmedia&parent=6"}],"curies":[{"name":"wp","href":"https:\/\/api.w.org\/{rel}","templated":true}]}}