{"id":864,"date":"2012-01-27T17:44:10","date_gmt":"2012-01-27T16:44:10","guid":{"rendered":"http:\/\/www.indoorcycling-marathon.de\/?page_id=864"},"modified":"2024-02-15T21:18:42","modified_gmt":"2024-02-15T20:18:42","slug":"haftungsausschluss","status":"publish","type":"page","link":"https:\/\/www.indoorcycling-marathon.de\/?page_id=864","title":{"rendered":"Haftungsausschluss"},"content":{"rendered":"<p>Wer sich die Zeit zum Ausf\u00fcllen der Haftungsausschlusserkl\u00e4rung am Eingang sparen m\u00f6chte, kann sich diese hier schon einmal ganz entspannt runterladen und fertig ausgef\u00fcllt mitbringen.<\/p>\n<p><a href=\"http:\/\/www.indoorcycling-marathon.de\/wp-content\/uploads\/Haftungsausschlusserkla\u0308rung_2024.pdf\">Haftungsausschlusserkl\u00e4rung<\/a><\/p>\n\n\n<p><\/p>\n","protected":false},"excerpt":{"rendered":"<p>Wer sich die Zeit zum Ausf\u00fcllen der Haftungsausschlusserkl\u00e4rung am Eingang sparen m\u00f6chte, kann sich diese hier schon einmal ganz entspannt runterladen und fertig ausgef\u00fcllt mitbringen. Haftungsausschlusserkl\u00e4rung<\/p>\n","protected":false},"author":3,"featured_media":0,"parent":0,"menu_order":0,"comment_status":"closed","ping_status":"open","template":"","meta":{"footnotes":""},"_links":{"self":[{"href":"https:\/\/www.indoorcycling-marathon.de\/index.php?rest_route=\/wp\/v2\/pages\/864"}],"collection":[{"href":"https:\/\/www.indoorcycling-marathon.de\/index.php?rest_route=\/wp\/v2\/pages"}],"about":[{"href":"https:\/\/www.indoorcycling-marathon.de\/index.php?rest_route=\/wp\/v2\/types\/page"}],"author":[{"embeddable":true,"href":"https:\/\/www.indoorcycling-marathon.de\/index.php?rest_route=\/wp\/v2\/users\/3"}],"replies":[{"embeddable":true,"href":"https:\/\/www.indoorcycling-marathon.de\/index.php?rest_route=%2Fwp%2Fv2%2Fcomments&post=864"}],"version-history":[{"count":15,"href":"https:\/\/www.indoorcycling-marathon.de\/index.php?rest_route=\/wp\/v2\/pages\/864\/revisions"}],"predecessor-version":[{"id":2102,"href":"https:\/\/www.indoorcycling-marathon.de\/index.php?rest_route=\/wp\/v2\/pages\/864\/revisions\/2102"}],"wp:attachment":[{"href":"https:\/\/www.indoorcycling-marathon.de\/index.php?rest_route=%2Fwp%2Fv2%2Fmedia&parent=864"}],"curies":[{"name":"wp","href":"https:\/\/api.w.org\/{rel}","templated":true}]}}