{"id":9,"date":"2008-01-06T13:12:27","date_gmt":"2008-01-06T12:12:27","guid":{"rendered":"http:\/\/blog.radlexpress.de\/?page_id=9"},"modified":"2008-01-06T13:57:42","modified_gmt":"2008-01-06T12:57:42","slug":"anfahrt","status":"publish","type":"page","link":"https:\/\/www.indoorcycling-marathon.de\/?page_id=9","title":{"rendered":"Anfahrt"},"content":{"rendered":"<h2>B\u00fcrgerhalle Moosbach<\/h2>\n<p>Kirchenstrasse<br \/>\n90537 Feucht-Moosbach<\/p>\n<p><iframe loading=\"lazy\" src=\"http:\/\/maps.google.de\/maps?f=q&amp;hl=de&amp;geocode=&amp;time=&amp;date=&amp;ttype=&amp;q=Kirchenstra%C3%9Fe+90537+Feucht&amp;sll=51.124213,10.546875&amp;sspn=21.021025,29.882813&amp;ie=UTF8&amp;om=1&amp;s=AARTsJoP6NZT7tRsJCnCSxgZzIWiVddZLQ&amp;ll=49.391983,11.270599&amp;spn=0.08715,0.171661&amp;z=12&amp;iwloc=addr&amp;output=embed\" marginheight=\"0\" marginwidth=\"0\" frameborder=\"0\" height=\"390\" scrolling=\"no\" width=\"500\"><\/iframe><br \/>\n<small><a href=\"http:\/\/maps.google.de\/maps?f=q&amp;hl=de&amp;geocode=&amp;time=&amp;date=&amp;ttype=&amp;q=Kirchenstra%C3%9Fe+90537+Feucht&amp;sll=51.124213,10.546875&amp;sspn=21.021025,29.882813&amp;ie=UTF8&amp;om=1&amp;ll=49.391983,11.270599&amp;spn=0.08715,0.171661&amp;z=12&amp;iwloc=addr&amp;source=embed\" style=\"color: #0000ff; text-align: left\">Gr\u00f6\u00dfere Kartenansicht<\/a><\/small><\/p>\n","protected":false},"excerpt":{"rendered":"<p>B\u00fcrgerhalle Moosbach Kirchenstrasse 90537 Feucht-Moosbach Gr\u00f6\u00dfere Kartenansicht<\/p>\n","protected":false},"author":1,"featured_media":0,"parent":0,"menu_order":0,"comment_status":"open","ping_status":"open","template":"","meta":{"footnotes":""},"_links":{"self":[{"href":"https:\/\/www.indoorcycling-marathon.de\/index.php?rest_route=\/wp\/v2\/pages\/9"}],"collection":[{"href":"https:\/\/www.indoorcycling-marathon.de\/index.php?rest_route=\/wp\/v2\/pages"}],"about":[{"href":"https:\/\/www.indoorcycling-marathon.de\/index.php?rest_route=\/wp\/v2\/types\/page"}],"author":[{"embeddable":true,"href":"https:\/\/www.indoorcycling-marathon.de\/index.php?rest_route=\/wp\/v2\/users\/1"}],"replies":[{"embeddable":true,"href":"https:\/\/www.indoorcycling-marathon.de\/index.php?rest_route=%2Fwp%2Fv2%2Fcomments&post=9"}],"version-history":[{"count":0,"href":"https:\/\/www.indoorcycling-marathon.de\/index.php?rest_route=\/wp\/v2\/pages\/9\/revisions"}],"wp:attachment":[{"href":"https:\/\/www.indoorcycling-marathon.de\/index.php?rest_route=%2Fwp%2Fv2%2Fmedia&parent=9"}],"curies":[{"name":"wp","href":"https:\/\/api.w.org\/{rel}","templated":true}]}}